{"id":3,"date":"2018-10-17T15:04:42","date_gmt":"2018-10-17T13:04:42","guid":{"rendered":"https:\/\/trj.it\/?page_id=3"},"modified":"2020-05-27T10:37:40","modified_gmt":"2020-05-27T08:37:40","slug":"privacy-policy","status":"publish","type":"page","link":"https:\/\/trj.it\/en\/privacy-policy\/","title":{"rendered":"Privacy Policy"},"content":{"rendered":"<p>INFORMATIVA PRIVACY TRJ<br \/>\nTrj srl, con sede legale in via San Lorenzo, n. 155 \u2013 90146 Palermo (PA) P.IVA IT06395150821 (in seguito \u201cTitolare\u201d), in qualit\u00e0 di Titolare del trattamento, informa ai sensi dell&#8217;art. 13 Regolamento UE n. 679\/2016 (in seguito \u201cGDPR\u201d) che i dati personali saranno trattati con le modalit\u00e0 e per le finalit\u00e0 seguenti:<\/p>\n<p>Oggetto del Trattamento<br \/>\nIl Titolare tratta i dati personali (in seguito \u201cdati personali\u201d o \u201cdati\u201d) degli utenti\/visitatori dei servizi offerti.<br \/>\nFinalit\u00e0 del Trattamento<br \/>\nI dati personali sono trattati ai fini dell&#8217;invio, tramite posta elettronica, posta ordinaria o telefono, di informazioni commerciali, materiale pubblicitario e\/o promozionale relativo a prodotti o servizi direttamente erogati o prodotti o servizi di terzi selezionati in base ai dati conferiti nel relativo form di registrazione.<br \/>\nModalit\u00e0 di Trattamento<br \/>\nIl trattamento dei dati personali \u00e8 realizzato per mezzo delle operazioni indicate all&#8217;art. 4, par. 1, n. 2 GDPR e pi\u00f9 precisamente: raccolta, registrazione, organizzazione, conservazione, consultazione, elaborazione, modificazione, selezione, estrazione, raffronto, utilizzo, interconnessione, blocco, comunicazione, cancellazione e distruzione dei dati.<br \/>\nIn alcuni casi, per utilizzare i servizi offerti dal sito pu\u00f2 essere richiesta la compilazione di form di registrazione contenenti capi per il conferimento dei dati personali obbligatori o facoltativi. Il conferimento dei dati personali indicati come obbligatori \u00e8 necessario per completare la procedura di registrazione; pertanto il mancato conferimento di tali dati rende impossibile iscriversi ai servizi ed usufruire degli stessi.<br \/>\nIl trattamento sar\u00e0 effettuato con modalit\u00e0 manuali e\/o automatizzate. Il Titolare non pu\u00f2 farsi carico della responsabilit\u00e0 di qualsiasi accesso non autorizzato n\u00e9 dello smarrimento delle informazioni personali al di fuori del proprio controllo.<br \/>\nAccesso ai dati personali<br \/>\nI dati personali, raccolti e conservati in banche dati del Titolare, potranno essere accessibili per le finalit\u00e0 di cui al punto n. 2 ai dipendenti e\/o collaboratori del Titolare in qualit\u00e0 di incaricati e\/o Responsabili.<br \/>\nTrasferimento dei dati personali<br \/>\nI dati personali non sono oggetto di diffusione o comunicazione a Terzi, se non nei casi previsti dalla legge e, comunque, con le modalit\u00e0 da questa consentite.<br \/>\nDiritti dell&#8217;interessato<br \/>\nIl proprietario dei dati personali, nella sua qualit\u00e0 di interessato, dispone dei diritti di cui all&#8217;art. 15 GDPR e precisamente i diritti di:<br \/>\nottenere la conferma dell&#8217;esistenza o meno di dati personali che lo riguardano, anche se non ancora registrati, e la loro comunicazione in forma intelligibile;<br \/>\nottenere l&#8217;indicazione: a) dell&#8217;origine dei dati personali; b) delle finalit\u00e0 e modalit\u00e0 del trattamento; c) della logica applicata in caso di trattamento effettuato con l&#8217;ausilio di strumenti elettronici; d) degli estremi identificativi del Titolare, dei Responsabili e del Rappresentante designato ai sensi dell&#8217;art. 5, comma 2 Codice Privacy e art. 3, comma 1, GDPR; e) dei soggetti o delle categorie di soggetti ai quali i dati personali possono essere comunicati o che possono venirne a conoscenza in qualit\u00e0 di rappresentante designato nel territorio dello Stato, di Responsabili o incaricati;<br \/>\nottenere: a) l&#8217;aggiornamento, la rettificazione ovvero, quando vi ha interesse, l&#8217;integrazione dei dati; b) la cancellazione, la trasformazione in forma anonima o il blocco dei dati trattati in violazione di legge, compresi quelli di cui non \u00e8 necessaria la conservazione in relazione agli scopi per i quali i dati sono stati raccolti o successivamente trattati; c) l&#8217;attestazione che le operazioni di cui alle lettere a) e b) sono state portate a conoscenza, anche per quanto riguarda il loro contenuto, di coloro ai quali i dati sono stati comunicati o diffusi, eccettuato il caso in cui tale adempimento si rivela impossibile o comporta un impiego di mezzi manifestamente sproporzionato rispetto al diritto tutelato;<br \/>\nopporsi, in tutto o in parte: a) per motivi legittimi al trattamento dei dati personali che La riguardano, ancorch\u00e9 pertinenti allo scopo della raccolta; b) al trattamento di dati personali che La riguardano a fini di invio di materiale pubblicitario o di vendita diretta o per il compimento di ricerche di mercato o di comunicazione commerciale, mediante l&#8217;uso di sistemi automatizzati di chiamata senza l&#8217;intervento di un operatore mediante e-mail e\/o mediante modalit\u00e0 di marketing tradizionali mediante telefono e\/o posta cartacea. Si fa presente che il diritto di opposizione dell&#8217;interessato, esposto al precedente punto b), per finalit\u00e0 di marketing diretto mediante modalit\u00e0 automatizzate si estende a quelle tradizionali e che comunque resta salva la possibilit\u00e0 per l&#8217;interessato di esercitare il diritto di opposizione anche solo in parte. Pertanto, l&#8217;interessato pu\u00f2 decidere di ricevere solo comunicazioni mediante modalit\u00e0 tradizionali ovvero solo comunicazioni automatizzate oppure nessuna delle due tipologie di comunicazione.<br \/>\nOve applicabili, l&#8217;interessato ha altres\u00ec i diritti di cui agli artt. 16-21 GDPR: diritto di rettifica, diritto all&#8217;oblio, diritto di limitazione di trattamento, diritto alla portabilit\u00e0 dei dati, diritto di opposizione, nonch\u00e9 il diritto di reclamo all&#8217;Autorit\u00e0 Garante.<\/p>\n<p>COOKIE<br \/>\nCosa sono i cookie?<br \/>\nI cookie sono piccoli file di testo che i siti visitati inviano al terminale (computer, tablet, smartphone, notebook) dell&#8217;utente, dove vengono memorizzati, per poi essere ritrasmessi agli stessi siti alla visita successiva. Sono usati per eseguire autenticazioni informatiche, monitoraggio di sessioni e memorizzazione di informazioni sui siti. Attraverso i cookie si pu\u00f2 anche monitorare la navigazione, raccogliere dati su gusti, abitudini, scelte personali che consentono la ricostruzione di dettagliati profili dei consumatori.<\/p>\n<p>Come si possono disabilitare i cookie all&#8217;interno del proprio browser?<br \/>\nModificando la configurazione del proprio browser \u00e8 possibile decidere di disabilitare l&#8217;installazione di tutti o solo di alcuni cookie secondo le proprie preferenze o necessit\u00e0.<\/p>\n<p>Ogni browser ha una propria procedura utile al raggiungimento di tale scopo, per tale motivo si invita l&#8217;utente a consultare la guida del programma di navigazione utilizzato oppure a visitare siti appositamente predisposti per agevolare l&#8217;operazione, come ad esempio <a href=\"https:\/\/cookiepedia.co.uk\/how-to-manage-cookies\">https:\/\/cookiepedia.co.uk\/how-to-manage-cookies<\/a> e <a href=\"https:\/\/www.aboutcookies.org\/\">https:\/\/www.aboutcookies.org\/<\/a>.<\/p>\n<p>Come si possono variare le preferenze relativamente alla pubblicit\u00e0 mirata?<br \/>\nMolte societ\u00e0 pubblicitarie consentono di interrompere la raccolta di dati sulle preferenze e le abitudini dell&#8217;utente in modo da non ricevere pi\u00f9 pubblicit\u00e0 mirata. Visitando l&#8217;indirizzo <a href=\"https:\/\/www.youronlinechoices.eu\/\">https:\/\/www.youronlinechoices.eu\/<\/a> e <a href=\"https:\/\/www.networkadvertising.org\/choices\/\">https:\/\/www.networkadvertising.org\/choices\/<\/a> \u00e8 possibile esprimere le proprie preferenze relativamente alla pubblicit\u00e0 erogata dalle societ\u00e0 aderenti (questo per\u00f2 non impedisce l&#8217;installazione dei cookie).<\/p>\n<p>Quali sono i cookie utilizzati all&#8217;interno dei nostri siti?<br \/>\nAll&#8217;interno dei nostri siti vengono utilizzati sia cookie tecnici che cookie di profilazione forniti da terze parti.<\/p>\n<p>Cosa sono i cookie tecnici?<br \/>\nI cookie tecnici sono quelli installati direttamente dai nostri siti con lo scopo di rendere pi\u00f9 agevole la navigazione e la fruizione dei servizi offerti (come ad esempio il login ad aree riservate) ed il salvataggio delle preferenze in modo da personalizzare la navigazione, l&#8217;interfaccia, la lingua, ecc.<\/p>\n<p>L&#8217;installazione di tali cookie non richiede il consenso dell&#8217;interessato in quanto non vengono usati per alcuno scopo ulteriore rispetto a quelli sopra descritti.<\/p>\n<p>Quali sono i cookie di profilazione di terze parti?<br \/>\nGoogle Analytics, Google AdWords, Facebook, Twitter, AddThis, ecc.<\/p>\n<p>All&#8217;interno dei nostri siti (in tutte le pagine o solo in alcune esse) vengono utilizzati anche cookie di profilazione installati da terze parti la cui installazione richiede il consenso dell&#8217;interessato.<\/p>\n<p>Una volta espresso il consenso, i cookie di profilazione di terze parti qui citati potranno essere installati dai nostri siti all&#8217;interno del browser dell&#8217;interessato.<\/p>\n<p>Ti riportiamo l&#8217;elenco dei servizi (e le rispettive informative sulla privacy) che potrebbero installare cookie traccianti all&#8217;interno del tuo browser durante la navigazione dei nostri siti:<\/p>\n<p>Servizi Google (es: AdWords, Analytics)<br \/>\nProfilazione dell&#8217;utente per fini pubblicitari, raccolta di dati di navigazione per fini statistici e di miglioramento del sito, visualizzazione dei video di YouTube e delle mappe di Google Maps.<\/p>\n<p><a href=\"https:\/\/www.google.com\/intl\/it\/policies\/technologies\/types\/\">https:\/\/www.google.com\/intl\/it\/policies\/technologies\/types\/<\/a><\/p>\n<p><a href=\"https:\/\/www.google.it\/intl\/it\/policies\/privacy\/\">https:\/\/www.google.it\/intl\/it\/policies\/privacy\/<\/a><\/p>\n<p>Per impedire l&#8217;utilizzo dei propri dati da parte di Google Analytics \u00e8 possibile installare l&#8217;apposito componente aggiuntivo del browser che disattiva il codice JavaScript di Google Analytics (ga.js, analytics.js, dc.js).<\/p>\n<p>Facebook<br \/>\nFacebook App e Social plugin come Like Box, Like Button, Comments, Share, Embedded Posts e simili.<\/p>\n<p><a href=\"https:\/\/www.facebook.com\/about\/privacy\">https:\/\/www.facebook.com\/about\/privacy<\/a><\/p>\n<p>Twitter<br \/>\nWidget come Tweet Button, Follow Button, Embedded Timelines, Embedded Tweets, ecc.<br \/>\n<a href=\"https:\/\/twitter.com\/privacyt\">https:\/\/twitter.com\/privacyt<\/a><\/p>\n<p>AddThis<br \/>\nCondivisione di contenuti su piattaforme social, email, social bookmarks, ecc.<\/p>\n<p><a href=\"https:\/\/www.addthis.com\/privacy\/privacy-policy\">https:\/\/www.addthis.com\/privacy\/privacy-policy<\/a><\/p>\n<p>Modalit\u00e0 di esercizio dei diritti<br \/>\nIl soggetto interessato potr\u00e0 in qualsiasi momento esercitare i diritti inviando:<\/p>\n<p>&#8211; una raccomandata a.r. a Trj srl, con sede legale in via San Lorenzo, n. 155 \u2013 90146 Palermo (PA);<\/p>\n<p>&#8211; una e-mail all&#8217;indirizzo mail@trj.it.<\/p>\n<p>Titolare del trattamento e Responsabile del trattamento<br \/>\nIl Titolare del trattamento \u00e8 Trj srl, con sede legale in via San Lorenzo, n. 155 \u2013 90146 Palermo (PA) P.IVA IT06395150821, in persona del suo legale rappresentante in carica Massimiliano Troja.<\/p>\n<p>Il Responsabile del trattamento \u00e8 individuabile nella persona di Massimiliano Troja con sede in via San Lorenzo, n. 155 \u2013 90146 Palermo (PA).<\/p>\n","protected":false},"excerpt":{"rendered":"<p>INFORMATIVA PRIVACY TRJ Trj srl, con sede legale in via San Lorenzo, n. 155 \u2013 90146 Palermo (PA) P.IVA IT06395150821 (in seguito \u201cTitolare\u201d), in qualit\u00e0 di Titolare del trattamento, informa ai sensi dell&#8217;art. 13 Regolamento UE n. 679\/2016 (in seguito \u201cGDPR\u201d) che i dati personali saranno trattati con le modalit\u00e0 e per le finalit\u00e0 seguenti: [&hellip;]<\/p>\n","protected":false},"author":1,"featured_media":0,"parent":0,"menu_order":0,"comment_status":"closed","ping_status":"open","template":"","meta":{"footnotes":""},"categories":[],"tags":[],"class_list":["post-3","page","type-page","status-publish","hentry"],"yoast_head":"<!-- This site is optimized with the Yoast SEO plugin v27.3 - https:\/\/yoast.com\/product\/yoast-seo-wordpress\/ -->\n<title>Privacy Policy - TRJ<\/title>\n<meta name=\"description\" content=\"privacy policy trj informativa sulla privacy, gdpr\" \/>\n<meta name=\"robots\" content=\"index, follow, max-snippet:-1, max-image-preview:large, max-video-preview:-1\" \/>\n<link rel=\"canonical\" href=\"https:\/\/trj.it\/en\/privacy-policy\/\" \/>\n<meta property=\"og:locale\" content=\"it_IT\" \/>\n<meta property=\"og:type\" content=\"article\" \/>\n<meta property=\"og:title\" content=\"Privacy Policy - TRJ\" \/>\n<meta property=\"og:description\" content=\"privacy policy trj informativa sulla privacy, gdpr\" \/>\n<meta property=\"og:url\" content=\"https:\/\/trj.it\/en\/privacy-policy\/\" \/>\n<meta property=\"og:site_name\" content=\"TRJ\" \/>\n<meta property=\"article:modified_time\" content=\"2020-05-27T08:37:40+00:00\" \/>\n<meta name=\"twitter:card\" content=\"summary_large_image\" \/>\n<meta name=\"twitter:label1\" content=\"Tempo di lettura stimato\" \/>\n\t<meta name=\"twitter:data1\" content=\"7 minuti\" \/>\n<script type=\"application\/ld+json\" class=\"yoast-schema-graph\">{\"@context\":\"https:\\\/\\\/schema.org\",\"@graph\":[{\"@type\":\"WebPage\",\"@id\":\"https:\\\/\\\/trj.it\\\/en\\\/privacy-policy\\\/\",\"url\":\"https:\\\/\\\/trj.it\\\/en\\\/privacy-policy\\\/\",\"name\":\"Privacy Policy - TRJ\",\"isPartOf\":{\"@id\":\"https:\\\/\\\/trj.it\\\/en\\\/#website\"},\"datePublished\":\"2018-10-17T13:04:42+00:00\",\"dateModified\":\"2020-05-27T08:37:40+00:00\",\"description\":\"privacy policy trj informativa sulla privacy, gdpr\",\"breadcrumb\":{\"@id\":\"https:\\\/\\\/trj.it\\\/en\\\/privacy-policy\\\/#breadcrumb\"},\"inLanguage\":\"it-IT\",\"potentialAction\":[{\"@type\":\"ReadAction\",\"target\":[\"https:\\\/\\\/trj.it\\\/en\\\/privacy-policy\\\/\"]}]},{\"@type\":\"BreadcrumbList\",\"@id\":\"https:\\\/\\\/trj.it\\\/en\\\/privacy-policy\\\/#breadcrumb\",\"itemListElement\":[{\"@type\":\"ListItem\",\"position\":1,\"name\":\"Home\",\"item\":\"https:\\\/\\\/trj.it\\\/en\\\/\"},{\"@type\":\"ListItem\",\"position\":2,\"name\":\"Privacy Policy\"}]},{\"@type\":\"WebSite\",\"@id\":\"https:\\\/\\\/trj.it\\\/en\\\/#website\",\"url\":\"https:\\\/\\\/trj.it\\\/en\\\/\",\"name\":\"Trj Design Solution\",\"description\":\"Soluzioni per il design e l&#039;architettura\",\"publisher\":{\"@id\":\"https:\\\/\\\/trj.it\\\/en\\\/#organization\"},\"potentialAction\":[{\"@type\":\"SearchAction\",\"target\":{\"@type\":\"EntryPoint\",\"urlTemplate\":\"https:\\\/\\\/trj.it\\\/en\\\/?s={search_term_string}\"},\"query-input\":{\"@type\":\"PropertyValueSpecification\",\"valueRequired\":true,\"valueName\":\"search_term_string\"}}],\"inLanguage\":\"it-IT\"},{\"@type\":\"Organization\",\"@id\":\"https:\\\/\\\/trj.it\\\/en\\\/#organization\",\"name\":\"Trj per l'architettura\",\"url\":\"https:\\\/\\\/trj.it\\\/en\\\/\",\"logo\":{\"@type\":\"ImageObject\",\"inLanguage\":\"it-IT\",\"@id\":\"https:\\\/\\\/trj.it\\\/en\\\/#\\\/schema\\\/logo\\\/image\\\/\",\"url\":\"https:\\\/\\\/trj.it\\\/en\\\/wp-content\\\/uploads\\\/2018\\\/10\\\/cropped-logo_trjdesignsolution-2.png\",\"contentUrl\":\"https:\\\/\\\/trj.it\\\/en\\\/wp-content\\\/uploads\\\/2018\\\/10\\\/cropped-logo_trjdesignsolution-2.png\",\"width\":99,\"height\":32,\"caption\":\"Trj per l'architettura\"},\"image\":{\"@id\":\"https:\\\/\\\/trj.it\\\/en\\\/#\\\/schema\\\/logo\\\/image\\\/\"}}]}<\/script>\n<!-- \/ Yoast SEO plugin. -->","yoast_head_json":{"title":"Privacy Policy - TRJ","description":"privacy policy trj informativa sulla privacy, gdpr","robots":{"index":"index","follow":"follow","max-snippet":"max-snippet:-1","max-image-preview":"max-image-preview:large","max-video-preview":"max-video-preview:-1"},"canonical":"https:\/\/trj.it\/en\/privacy-policy\/","og_locale":"it_IT","og_type":"article","og_title":"Privacy Policy - TRJ","og_description":"privacy policy trj informativa sulla privacy, gdpr","og_url":"https:\/\/trj.it\/en\/privacy-policy\/","og_site_name":"TRJ","article_modified_time":"2020-05-27T08:37:40+00:00","twitter_card":"summary_large_image","twitter_misc":{"Tempo di lettura stimato":"7 minuti"},"schema":{"@context":"https:\/\/schema.org","@graph":[{"@type":"WebPage","@id":"https:\/\/trj.it\/en\/privacy-policy\/","url":"https:\/\/trj.it\/en\/privacy-policy\/","name":"Privacy Policy - TRJ","isPartOf":{"@id":"https:\/\/trj.it\/en\/#website"},"datePublished":"2018-10-17T13:04:42+00:00","dateModified":"2020-05-27T08:37:40+00:00","description":"privacy policy trj informativa sulla privacy, gdpr","breadcrumb":{"@id":"https:\/\/trj.it\/en\/privacy-policy\/#breadcrumb"},"inLanguage":"it-IT","potentialAction":[{"@type":"ReadAction","target":["https:\/\/trj.it\/en\/privacy-policy\/"]}]},{"@type":"BreadcrumbList","@id":"https:\/\/trj.it\/en\/privacy-policy\/#breadcrumb","itemListElement":[{"@type":"ListItem","position":1,"name":"Home","item":"https:\/\/trj.it\/en\/"},{"@type":"ListItem","position":2,"name":"Privacy Policy"}]},{"@type":"WebSite","@id":"https:\/\/trj.it\/en\/#website","url":"https:\/\/trj.it\/en\/","name":"Trj Design Solution","description":"Soluzioni per il design e l&#039;architettura","publisher":{"@id":"https:\/\/trj.it\/en\/#organization"},"potentialAction":[{"@type":"SearchAction","target":{"@type":"EntryPoint","urlTemplate":"https:\/\/trj.it\/en\/?s={search_term_string}"},"query-input":{"@type":"PropertyValueSpecification","valueRequired":true,"valueName":"search_term_string"}}],"inLanguage":"it-IT"},{"@type":"Organization","@id":"https:\/\/trj.it\/en\/#organization","name":"Trj per l'architettura","url":"https:\/\/trj.it\/en\/","logo":{"@type":"ImageObject","inLanguage":"it-IT","@id":"https:\/\/trj.it\/en\/#\/schema\/logo\/image\/","url":"https:\/\/trj.it\/en\/wp-content\/uploads\/2018\/10\/cropped-logo_trjdesignsolution-2.png","contentUrl":"https:\/\/trj.it\/en\/wp-content\/uploads\/2018\/10\/cropped-logo_trjdesignsolution-2.png","width":99,"height":32,"caption":"Trj per l'architettura"},"image":{"@id":"https:\/\/trj.it\/en\/#\/schema\/logo\/image\/"}}]}},"_links":{"self":[{"href":"https:\/\/trj.it\/en\/wp-json\/wp\/v2\/pages\/3","targetHints":{"allow":["GET"]}}],"collection":[{"href":"https:\/\/trj.it\/en\/wp-json\/wp\/v2\/pages"}],"about":[{"href":"https:\/\/trj.it\/en\/wp-json\/wp\/v2\/types\/page"}],"author":[{"embeddable":true,"href":"https:\/\/trj.it\/en\/wp-json\/wp\/v2\/users\/1"}],"replies":[{"embeddable":true,"href":"https:\/\/trj.it\/en\/wp-json\/wp\/v2\/comments?post=3"}],"version-history":[{"count":4,"href":"https:\/\/trj.it\/en\/wp-json\/wp\/v2\/pages\/3\/revisions"}],"predecessor-version":[{"id":1732,"href":"https:\/\/trj.it\/en\/wp-json\/wp\/v2\/pages\/3\/revisions\/1732"}],"wp:attachment":[{"href":"https:\/\/trj.it\/en\/wp-json\/wp\/v2\/media?parent=3"}],"wp:term":[{"taxonomy":"category","embeddable":true,"href":"https:\/\/trj.it\/en\/wp-json\/wp\/v2\/categories?post=3"},{"taxonomy":"post_tag","embeddable":true,"href":"https:\/\/trj.it\/en\/wp-json\/wp\/v2\/tags?post=3"}],"curies":[{"name":"wp","href":"https:\/\/api.w.org\/{rel}","templated":true}]}}